{"id":6,"date":"2022-06-19T11:58:38","date_gmt":"2022-06-19T09:58:38","guid":{"rendered":"https:\/\/jakprezitrakovinu.cz\/?page_id=6"},"modified":"2023-07-15T12:59:04","modified_gmt":"2023-07-15T10:59:04","slug":"jak-prezit-rakovinu","status":"publish","type":"page","link":"https:\/\/jakprezitrakovinu.cz\/","title":{"rendered":"Jak p\u0159e\u017e\u00edt rakovinu"},"content":{"rendered":"\n<div class=\"wp-block-coblocks-hero alignwide has-text-color has-background-color coblocks-hero-519121321753\"><div class=\"wp-block-coblocks-hero__inner has-background-overlay bg-cover has-background-image bg-no-repeat bg-center-center hero-center-left-align has-padding has-huge-padding has-left-content\" style=\"background-image:url(http:\/\/jakprezitrakovinu.cz\/wp-content\/uploads\/2022\/06\/pexels-tirachard-kumtanom-347135-scaled.jpg);background-position:50% 73%;min-height:500px\"><div class=\"wp-block-coblocks-hero__content-wrapper\"><div class=\"wp-block-coblocks-hero__content\" style=\"max-width:840px\">\n<h2 class=\"wp-block-heading\">Od nemoci a bezmoci k moci a pomoci <\/h2>\n\n\n\n<p>Chceme b\u00fdt pr\u016fvodcem v\u0161em onkologicky nemocn\u00fdm, kter\u00fd stoj\u00ed na jejich stran\u011b ve v\u0161ech f\u00e1z\u00edch onkologick\u00e9ho onemocn\u011bn\u00ed od prvotn\u00edho podez\u0159en\u00ed a\u017e po v\u0161echny alternativy jeho pr\u016fb\u011bhu a vy\u00fast\u011bn\u00ed. Onkologicky nemocn\u00fdm poskytujeme psychickou a srozumitelnou pravdivou informa\u010dn\u00ed podporu v pr\u016fb\u011bhu v\u0161ech f\u00e1z\u00ed onemocn\u011bn\u00ed a l\u00e9\u010dby. Pom\u00e1h\u00e1me jim proj\u00edt si \u017eivotn\u00ed zku\u0161enost\u00ed, kterou onkologick\u00e9 onemocn\u011bn\u00ed p\u0159in\u00e1\u0161\u00ed, a naj\u00edt s\u00edlu pro boj s nemoc\u00ed. Podporujeme je v tom, aby dok\u00e1zali z t\u00e9to \u017eivotn\u00ed zku\u0161enosti vyj\u00edt siln\u011bj\u0161\u00ed a vyrovnan\u011bj\u0161\u00ed, ne\u017e byli na jej\u00edm po\u010d\u00e1tku.<\/p>\n\n\n\n<div class=\"wp-block-buttons is-layout-flex wp-block-buttons-is-layout-flex\">\n<div class=\"wp-block-button\"><a class=\"wp-block-button__link wp-element-button\" href=\"#kontakt\">Kontakt<\/a><\/div>\n\n\n\n<div class=\"wp-block-button is-style-outline is-style-outline--1\"><a class=\"wp-block-button__link wp-element-button\" href=\"#publikace\">Publikace Rakovina z pohledu t\u011bla a du\u0161e<\/a><\/div>\n<\/div>\n<\/div><\/div><\/div><\/div>\n\n\n\n<p><\/p>\n\n\n\n<div class=\"wp-block-group alignfull has-ast-global-color-5-background-color has-background is-layout-constrained wp-block-group-is-layout-constrained\">\n<div class=\"wp-block-media-text alignwide is-stacked-on-mobile is-vertically-aligned-center\" style=\"grid-template-columns:47% auto\"><figure class=\"wp-block-media-text__media\"><img loading=\"lazy\" decoding=\"async\" width=\"1024\" height=\"681\" src=\"http:\/\/jakprezitrakovinu.cz\/wp-content\/uploads\/2022\/06\/pexels-miguel-a-padrinan-579474-1024x681.jpg\" alt=\"\" class=\"wp-image-21 size-full\"\/><\/figure><div class=\"wp-block-media-text__content\">\n<h2 class=\"wp-block-heading has-ast-global-color-2-color has-text-color\">Na\u0161e hodnoty<\/h2>\n\n\n\n<ol class=\"wp-block-list\">\n<li>Pou\u017e\u00edv\u00e1me v\u00fdlu\u010dn\u011b jen science-based a evidence-based informace<\/li>\n\n\n\n<li>D\u016fsledn\u011b uv\u00e1d\u00edme zdroje, ze kter\u00fdch \u010derp\u00e1me<\/li>\n\n\n\n<li>Ct\u00edme Hippokratovu z\u00e1sadu hlavn\u011b neubl\u00ed\u017eit<\/li>\n\n\n\n<li>Pacient\u016fm \u0159\u00edk\u00e1me v\u017edy pravdu<\/li>\n\n\n\n<li>Vyvrac\u00edme fake news<\/li>\n<\/ol>\n<\/div><\/div>\n<\/div>\n\n\n\n<p><\/p>\n\n\n\n<div class=\"wp-block-group alignwide has-background-background-color has-background is-layout-flow wp-block-group-is-layout-flow\">\n<h5 class=\"wp-block-heading has-text-align-center has-foreground-color has-text-color\">SPONZOR PROJEKTU<\/h5>\n\n\n\n<figure class=\"wp-block-image aligncenter size-thumbnail is-resized\"><a href=\"https:\/\/nitana.cz\"><img loading=\"lazy\" decoding=\"async\" src=\"https:\/\/jakprezitrakovinu.cz\/wp-content\/uploads\/2023\/07\/Nitana-logo-e1689418542209-150x150.png\" alt=\"\" class=\"wp-image-57\" width=\"150\" height=\"150\"\/><\/a><\/figure>\n\n\n\n<h2 class=\"wp-block-heading has-text-align-center has-foreground-color has-text-color\" id=\"oprojektu\">O projektu<\/h2>\n\n\n\n<p>Projekt&nbsp;<strong>Jak p\u0159e\u017e\u00edt rakovinu<\/strong>&nbsp;vytvo\u0159il psychoterapeut <a href=\"https:\/\/martinzikmund.cz\" data-type=\"URL\" data-id=\"https:\/\/martinzikmund.cz\">Martin Zikmund<\/a>, na jeho b\u011bhu se v\u0161ak pod\u00edlela i cel\u00e1 \u0159ada dal\u0161\u00edch odborn\u00edk\u016f, kte\u0159\u00ed aktivn\u011b p\u0159isp\u011bli ke vzniku prvn\u00ed publikace. Na po\u010d\u00e1tku projektu st\u00e1l <a href=\"https:\/\/jecasnazmenu.cz\/2019\/07\/24\/kde-se-bere-rakovina-a-co-s-ni-ma-do-cineni-psychika\/\">\u010dl\u00e1nek o prov\u00e1z\u00e1n\u00ed psychiky<\/a> na blogu <a href=\"https:\/\/jecasnazmenu.cz\">Je\u010casNaZm\u011bnu.cz<\/a> a z\u00e1v\u011bre\u010dn\u00e1 pr\u00e1ce p\u0159i studiu na Pra\u017esk\u00e9 psychoterapeutick\u00e9 fakult\u011b. <\/p>\n\n\n\n<p>Nakonec z toho ale ve spolupr\u00e1ci s dal\u0161\u00edmi kolegy vznikl projekt, kter\u00fd chce b\u00fdt pr\u016fvodcem v\u0161em onkologicky nemocn\u00fdm, kter\u00fd stoj\u00ed na jejich stran\u011b ve v\u0161ech f\u00e1z\u00edch onkologick\u00e9ho onemocn\u011bn\u00ed od prvotn\u00edho podez\u0159en\u00ed a\u017e po v\u0161echny alternativy jeho pr\u016fb\u011bhu a vy\u00fast\u011bn\u00ed. C\u00edlem je poskytovat onkologicky nemocn\u00fdm psychickou srozumitelnou a pravdivou informa\u010dn\u00ed podporu v pr\u016fb\u011bhu v\u0161ech f\u00e1z\u00ed onemocn\u011bn\u00ed a l\u00e9\u010dby. Pomoci jim proj\u00edt si \u017eivotn\u00ed zku\u0161enost\u00ed, kterou onkologick\u00e9 onemocn\u011bn\u00ed p\u0159in\u00e1\u0161\u00ed, a naj\u00edt s\u00edlu pro boj s nemoc\u00ed. Podporovat je v tom, aby dok\u00e1zali z t\u00e9to \u017eivotn\u00ed zku\u0161enosti vyj\u00edt siln\u011bj\u0161\u00ed a vyrovnan\u011bj\u0161\u00ed, ne\u017e byli na jej\u00edm po\u010d\u00e1tku.<\/p>\n\n\n\n<p>Kl\u00ed\u010dovou sou\u010d\u00e1st\u00ed projektu budou podp\u016frn\u00e9 publikace pro onkologick\u00e9 pacienty a jejich bl\u00edzk\u00e9. Bohu\u017eel, s n\u00e1stupem pandemie koronaviru byly pr\u00e1ce na projektu zastaveny. V\u011b\u0159\u00edme v\u0161ak, \u017ee v budoucnosti se poda\u0159\u00ed projekt op\u011bt rozb\u011bhnout. V r\u00e1mci projektu byla vytvo\u0159ena jedna bezplatn\u011b dostupn\u00e1 publikace prim\u00e1rn\u011b ur\u010den\u00e1 pro odbornou ve\u0159ejnost, kterou si m\u016f\u017eete st\u00e1hnout n\u00ed\u017ee.<\/p>\n<\/div>\n\n\n\n<div class=\"wp-block-cover alignwide is-style-default coblocks-animate\" style=\"min-height:450px;aspect-ratio:unset;\" data-coblocks-animation=\"fadeIn\"><span aria-hidden=\"true\" class=\"wp-block-cover__background has-foreground-background-color has-background-dim-60 has-background-dim\"><\/span><img decoding=\"async\" class=\"wp-block-cover__image-background wp-image-310\" alt=\"\" src=\"http:\/\/jakprezitrakovinu.cz\/wp-content\/uploads\/2022\/06\/hero8.jpg\" style=\"object-position:50% 80%\" data-object-fit=\"cover\" data-object-position=\"50% 80%\"\/><div class=\"wp-block-cover__inner-container is-layout-flow wp-block-cover-is-layout-flow\">\n<div class=\"wp-block-columns alignwide is-layout-flex wp-container-core-columns-is-layout-28f84493 wp-block-columns-is-layout-flex\" style=\"border-radius:0px\">\n<div class=\"wp-block-column is-vertically-aligned-bottom is-layout-flow wp-block-column-is-layout-flow\">\n<h4 class=\"wp-block-heading has-ast-global-color-2-color has-text-color\" id=\"publikace\">Bezplatn\u00e1 publikace<\/h4>\n\n\n\n<h2 class=\"wp-block-heading has-ast-global-color-2-color has-text-color\">Rakovina z pohledu t\u011bla a du\u0161e<\/h2>\n\n\n\n<p>Tato publikace je&nbsp;<strong>prim\u00e1rn\u011b ur\u010dena pro l\u00e9ka\u0159e, psychoterapeuty a pe\u010duj\u00edc\u00ed o onkologicky nemocn\u00e9<\/strong>. N\u011bkter\u00e9 jej\u00ed pas\u00e1\u017ee se v\u0161ak uk\u00e1zaly jako velmi p\u0159\u00ednosn\u00e9 i pro samotn\u00e9 onkologick\u00e9 pacienty,&nbsp;<strong>nen\u00ed v\u0161ak prim\u00e1rn\u011b ur\u010dena pro onkologick\u00e9 pacienty<\/strong>. Pro onkologick\u00e9 pacienty bude ur\u010dena zcela jin\u00e1 publikace, kter\u00e9 se chceme v\u011bnovat v budoucnu.<\/p>\n\n\n\n<p><strong>Rakovina z pohledu t\u011bla a du\u0161e<\/strong>&nbsp;je v\u00edce ne\u017e sto str\u00e1nkovou publikac\u00ed, kter\u00e1 p\u0159in\u00e1\u0161\u00ed shrnut\u00ed t\u011bch nejz\u00e1sadn\u011bj\u0161\u00edch informac\u00ed o l\u00e9\u010db\u011b onkologick\u00fdch onemocn\u011bn\u00ed a jej\u00edch psychick\u00fdch aspektech postaven\u00fdch na science-based a evidence-based informac\u00edch, tedy v\u011bdeck\u00fdch poznatc\u00edch postaven\u00fdch na d\u016fkazech. Ve stru\u010dn\u00e9 a zjednodu\u0161en\u00e9 form\u011b p\u0159in\u00e1\u0161\u00ed podstatn\u00e9 informace o \u201erakovin\u011b\u201c, jej\u00ed biologick\u00e9 podstat\u011b a vzniku a jednotliv\u00fdch onkologick\u00fdch l\u00e9\u010debn\u00fdch modalit\u00e1ch. Sou\u010d\u00e1st\u00ed publikace je i to, jak\u00e9 m\u00e1 onkologick\u00e9 onemocn\u011bn\u00ed a jeho l\u00e9\u010dba dopady na psychosoci\u00e1ln\u00ed prost\u0159ed\u00ed pacient\u016f, jejich emoce a pro\u017e\u00edv\u00e1n\u00ed. V&nbsp;co mo\u017en\u00e1 nejsrozumiteln\u011bj\u0161\u00ed, av\u0161ak v\u011bcn\u011b spr\u00e1vn\u00e9, form\u011b se sna\u017e\u00ed \u010dten\u00e1\u0159i p\u0159edlo\u017eit kl\u00ed\u010dov\u00e9 soudob\u00e9 informace a poznatky o onkologick\u00fdch onemocn\u011bn\u00edch z&nbsp;bun\u011b\u010dn\u00e9 biologie, genetiky, imunologie, onkologie, radiologie, psychologie i relativn\u011b nov\u011b vznikl\u00fdch obor\u016f psychoonkologie a psychoneuroimunologie. T\u00edm umo\u017e\u0148uje \u010dten\u00e1\u0159i l\u00e9pe porozum\u011bt cel\u00e9 \u0159ad\u011b komplexn\u00edch proces\u016f a jinak mnohdy skryt\u00fdch souvislost\u00ed a \u010dasto i nahl\u00e9dnout do \u017eivota a pro\u017e\u00edv\u00e1n\u00ed onkologick\u00fdch pacient\u016f. Obsah publikace tak\u00e9 vyvrac\u00ed n\u011bkter\u00e9 \u010dast\u00e9 m\u00fdty a p\u0159esv\u011bd\u010den\u00ed a p\u0159in\u00e1\u0161\u00ed n\u00e1hled na skute\u010dnou praxi onkologick\u00e9 l\u00e9\u010dby v&nbsp;\u010cR i na n\u011bkter\u00e9 intrapsychick\u00e9 procesy onkologick\u00fdch pacient\u016f, kter\u00e9 p\u016fsob\u00ed komplikace p\u0159i jejich l\u00e9\u010db\u011b, ale i v&nbsp;jejich vlastn\u00edm psychosoci\u00e1ln\u00edm prost\u0159ed\u00ed.<\/p>\n\n\n\n<div class=\"wp-block-buttons is-layout-flex wp-block-buttons-is-layout-flex\">\n<div class=\"wp-block-button\"><a class=\"wp-block-button__link wp-element-button\" href=\"http:\/\/jakprezitrakovinu.cz\/wp-content\/uploads\/2022\/06\/rakovina_z_pohledu_tela_a_duse.pdf\" target=\"_blank\" rel=\"noreferrer noopener\">St\u00e1hnout publikaci (PDF)<\/a><\/div>\n<\/div>\n<\/div>\n<\/div>\n<\/div><\/div>\n\n\n\n<p><\/p>\n\n\n\n<div class=\"wp-block-group alignwide has-background-background-color has-background is-layout-flow wp-block-group-is-layout-flow\">\n<div class=\"wp-block-columns alignwide are-vertically-aligned-top is-layout-flex wp-container-core-columns-is-layout-28f84493 wp-block-columns-is-layout-flex\">\n<div class=\"wp-block-column is-vertically-aligned-top is-layout-flow wp-block-column-is-layout-flow\" style=\"flex-basis:50%\">\n<h5 class=\"wp-block-heading has-text-color\" style=\"color:#d7d7d7\"><\/h5>\n\n\n\n<h2 class=\"wp-block-heading has-foreground-color has-text-color\" id=\"kontakt\">Kontakt<\/h2>\n\n\n\n<p class=\"has-foreground-color has-text-color\">Chcete se zeptat na cokoliv k projektu&nbsp;<strong>Jak p\u0159e\u017e\u00edt rakovinu<\/strong>? Chcete se do n\u011bj n\u011bjak\u00fdm zp\u016fsobem zapojit? Nev\u00e1hejte n\u00e1s kontaktovat!<\/p>\n\n\n\n<p>Vyu\u017e\u00edt m\u016f\u017eete e-mail <strong><a href=\"mailto:info@jakprezitrakovinu.cz\">info@jakprezitrakovinu.cz<\/a><\/strong> nebo kontaktn\u00ed formul\u00e1\u0159.<\/p>\n\n\n\n<p class=\"has-text-color\" style=\"color:#d7d7d7\"><\/p>\n<\/div>\n\n\n\n<div class=\"wp-block-column is-vertically-aligned-top is-layout-flow wp-block-column-is-layout-flow\" style=\"flex-basis:50%\">\n<div class=\"wp-block-contact-form-7-contact-form-selector\">\n<div class=\"wpcf7 no-js\" id=\"wpcf7-f9-o1\" lang=\"cs-CZ\" dir=\"ltr\" data-wpcf7-id=\"9\">\n<div class=\"screen-reader-response\"><p role=\"status\" aria-live=\"polite\" aria-atomic=\"true\"><\/p> <ul><\/ul><\/div>\n<form action=\"\/index.php?rest_route=%2Fwp%2Fv2%2Fpages%2F6#wpcf7-f9-o1\" method=\"post\" class=\"wpcf7-form init\" aria-label=\"Kontaktn\u00ed formul\u00e1\u0159\" novalidate=\"novalidate\" data-status=\"init\">\n<fieldset class=\"hidden-fields-container\"><input type=\"hidden\" name=\"_wpcf7\" value=\"9\" \/><input type=\"hidden\" name=\"_wpcf7_version\" value=\"6.1.5\" \/><input type=\"hidden\" name=\"_wpcf7_locale\" value=\"cs_CZ\" \/><input type=\"hidden\" name=\"_wpcf7_unit_tag\" value=\"wpcf7-f9-o1\" \/><input type=\"hidden\" name=\"_wpcf7_container_post\" value=\"0\" \/><input type=\"hidden\" name=\"_wpcf7_posted_data_hash\" value=\"\" \/><input type=\"hidden\" name=\"_wpcf7_recaptcha_response\" value=\"\" \/>\n<\/fieldset>\n<p><label> Jm\u00e9no (povinn\u00fd \u00fadaj)<br \/>\n<span class=\"wpcf7-form-control-wrap\" data-name=\"your-name\"><input size=\"40\" maxlength=\"400\" class=\"wpcf7-form-control wpcf7-text wpcf7-validates-as-required\" aria-required=\"true\" aria-invalid=\"false\" value=\"\" type=\"text\" name=\"your-name\" \/><\/span> <\/label>\n<\/p>\n<p><label> E-mail (povinn\u00fd \u00fadaj)<br \/>\n<span class=\"wpcf7-form-control-wrap\" data-name=\"your-email\"><input size=\"40\" maxlength=\"400\" class=\"wpcf7-form-control wpcf7-email wpcf7-validates-as-required wpcf7-text wpcf7-validates-as-email\" aria-required=\"true\" aria-invalid=\"false\" value=\"\" type=\"email\" name=\"your-email\" \/><\/span> <\/label>\n<\/p>\n<p><label> Telefon<br \/>\n<span class=\"wpcf7-form-control-wrap\" data-name=\"tel-793\"><input size=\"40\" maxlength=\"400\" class=\"wpcf7-form-control wpcf7-tel wpcf7-text wpcf7-validates-as-tel\" aria-invalid=\"false\" value=\"\" type=\"tel\" name=\"tel-793\" \/><\/span> <\/label>\n<\/p>\n<p><label> Zpr\u00e1va (povinn\u00fd \u00fadaj)<br \/>\n<span class=\"wpcf7-form-control-wrap\" data-name=\"your-message\"><textarea cols=\"40\" rows=\"10\" maxlength=\"2000\" class=\"wpcf7-form-control wpcf7-textarea wpcf7-validates-as-required\" aria-required=\"true\" aria-invalid=\"false\" name=\"your-message\"><\/textarea><\/span> <\/label>\n<\/p>\n<p><span class=\"wpcf7-form-control-wrap\" data-name=\"Souhlassezpracovnmosobnchdaj\"><span class=\"wpcf7-form-control wpcf7-acceptance\"><span class=\"wpcf7-list-item\"><label><input type=\"checkbox\" name=\"Souhlassezpracovnmosobnchdaj\" value=\"1\" aria-invalid=\"false\" \/><span class=\"wpcf7-list-item-label\">Souhlas\u00edm se zpracov\u00e1n\u00edm osobn\u00edch \u00fadaj\u016f. Za\u0161krtnut\u00edm tohoto pol\u00ed\u010dka souhlas\u00edte se zpracov\u00e1n\u00edm sv\u00fdch v\u00fd\u0161e uveden\u00fdch osobn\u00edch \u00fadaj\u016f za \u00fa\u010delem zprost\u0159edkov\u00e1n\u00ed Va\u0161eho kontaktov\u00e1n\u00ed. O vymaz\u00e1n\u00ed t\u011bchto osobn\u00edch \u00fadaj\u016f m\u016f\u017eete kdykoliv za\u017e\u00e1dat na adrese info@jakprezitrakovinu.cz.cz.<\/span><\/label><\/span><\/span><\/span>\n<\/p>\n<p><input class=\"wpcf7-form-control wpcf7-submit has-spinner\" type=\"submit\" value=\"Odeslat\" \/>\n<\/p><div class=\"wpcf7-response-output\" aria-hidden=\"true\"><\/div>\n<\/form>\n<\/div>\n<\/div>\n<\/div>\n<\/div>\n<\/div>\n","protected":false},"excerpt":{"rendered":"<p>Na\u0161e hodnoty SPONZOR PROJEKTU O projektu Projekt&nbsp;Jak p\u0159e\u017e\u00edt rakovinu&nbsp;vytvo\u0159il psychoterapeut Martin Zikmund, na jeho b\u011bhu se v\u0161ak pod\u00edlela i cel\u00e1 \u0159ada dal\u0161\u00edch odborn\u00edk\u016f, kte\u0159\u00ed aktivn\u011b p\u0159isp\u011bli ke vzniku prvn\u00ed publikace. Na po\u010d\u00e1tku projektu st\u00e1l \u010dl\u00e1nek o prov\u00e1z\u00e1n\u00ed psychiky na blogu Je\u010casNaZm\u011bnu.cz a z\u00e1v\u011bre\u010dn\u00e1 pr\u00e1ce p\u0159i studiu na Pra\u017esk\u00e9 psychoterapeutick\u00e9 fakult\u011b. Nakonec z toho ale ve [&hellip;]<\/p>\n","protected":false},"author":1,"featured_media":0,"parent":0,"menu_order":0,"comment_status":"closed","ping_status":"closed","template":"","meta":{"_coblocks_attr":"","_coblocks_dimensions":"{\"coblocks-hero-519121321753\":{\"padding\":{}}}","_coblocks_responsive_height":"","_coblocks_accordion_ie_support":"","_uag_custom_page_level_css":"","footnotes":""},"class_list":["post-6","page","type-page","status-publish","hentry"],"uagb_featured_image_src":{"full":false,"thumbnail":false,"medium":false,"medium_large":false,"large":false,"1536x1536":false,"2048x2048":false},"uagb_author_info":{"display_name":"admin","author_link":"https:\/\/jakprezitrakovinu.cz\/?author=1"},"uagb_comment_info":0,"uagb_excerpt":"Na\u0161e hodnoty SPONZOR PROJEKTU O projektu Projekt&nbsp;Jak p\u0159e\u017e\u00edt rakovinu&nbsp;vytvo\u0159il psychoterapeut Martin Zikmund, na jeho b\u011bhu se v\u0161ak pod\u00edlela i cel\u00e1 \u0159ada dal\u0161\u00edch odborn\u00edk\u016f, kte\u0159\u00ed aktivn\u011b p\u0159isp\u011bli ke vzniku prvn\u00ed publikace. Na po\u010d\u00e1tku projektu st\u00e1l \u010dl\u00e1nek o prov\u00e1z\u00e1n\u00ed psychiky na blogu Je\u010casNaZm\u011bnu.cz a z\u00e1v\u011bre\u010dn\u00e1 pr\u00e1ce p\u0159i studiu na Pra\u017esk\u00e9 psychoterapeutick\u00e9 fakult\u011b. Nakonec z toho ale ve&hellip;","_links":{"self":[{"href":"https:\/\/jakprezitrakovinu.cz\/index.php?rest_route=\/wp\/v2\/pages\/6","targetHints":{"allow":["GET"]}}],"collection":[{"href":"https:\/\/jakprezitrakovinu.cz\/index.php?rest_route=\/wp\/v2\/pages"}],"about":[{"href":"https:\/\/jakprezitrakovinu.cz\/index.php?rest_route=\/wp\/v2\/types\/page"}],"author":[{"embeddable":true,"href":"https:\/\/jakprezitrakovinu.cz\/index.php?rest_route=\/wp\/v2\/users\/1"}],"replies":[{"embeddable":true,"href":"https:\/\/jakprezitrakovinu.cz\/index.php?rest_route=%2Fwp%2Fv2%2Fcomments&post=6"}],"version-history":[{"count":22,"href":"https:\/\/jakprezitrakovinu.cz\/index.php?rest_route=\/wp\/v2\/pages\/6\/revisions"}],"predecessor-version":[{"id":59,"href":"https:\/\/jakprezitrakovinu.cz\/index.php?rest_route=\/wp\/v2\/pages\/6\/revisions\/59"}],"wp:attachment":[{"href":"https:\/\/jakprezitrakovinu.cz\/index.php?rest_route=%2Fwp%2Fv2%2Fmedia&parent=6"}],"curies":[{"name":"wp","href":"https:\/\/api.w.org\/{rel}","templated":true}]}}